{"id":1946,"date":"2020-06-03T20:32:10","date_gmt":"2020-06-03T20:32:10","guid":{"rendered":"http:\/\/www.redactor.cat\/?page_id=1946\/"},"modified":"2020-06-03T20:32:16","modified_gmt":"2020-06-03T20:32:16","slug":"periodista","status":"publish","type":"page","link":"http:\/\/www.redactor.cat\/es\/periodista\/","title":{"rendered":"Periodista"},"content":{"rendered":"\n<div class=\"wp-block-columns\">\n<div class=\"wp-block-column\">\n<p>En Redactor.cat contamos con un equipo de<strong> periodistas especializados<\/strong> en diferentes sectores y tem\u00e1ticas.<br><br>Redactamos noticias, reportajes, entrevistas y art\u00edculos para diferentes medios impresos y digitales.<\/p>\n\n\n\n<h2>Periodistas especializados<\/h2>\n\n\n\n<p>Contamos con un equipo de periodistas especializados en diferentes sectores tem\u00e1ticos.<br><br>Somos el apoyo externo de tu redacci\u00f3n para los temas que no est\u00e1n ligados a la actualidad m\u00e1s inmediata.<\/p>\n\n\n\n<h2>Periodistas econ\u00f3micos<\/h2>\n\n\n\n<p>Redactamos informaciones de empresas de diferentes sectores econ\u00f3micos.<br><br>Somos tu redacci\u00f3n de periodistas econ\u00f3micos que puedas ofrecer informaciones de este \u00e1mbito en tu audiencia.<\/p>\n\n\n\n<h2>Periodistas generalistas<\/h2>\n\n\n\n<p>Escribimos contenidos informativos para peri\u00f3dicos y revistas de informaci\u00f3n general.<br><br>Somos el apoyo externo de tu redacci\u00f3n para los momentos de mayor demanda de medios como las campa\u00f1as electorales o las cat\u00e1strofes naturales.<br><\/p>\n<\/div>\n\n\n\n<div class=\"wp-block-column\">\n<p>Si est\u00e1s interesado en nuestros servicios de redacci\u00f3n, rellena el formulario de contacto y <strong>en menos de 48 horas<\/strong> estaremos ayud\u00e1ndote.<\/p>\n\n\n\n<div role=\"form\" class=\"wpcf7\" id=\"wpcf7-f1446-o1\" lang=\"ca\" dir=\"ltr\">\n<div class=\"screen-reader-response\"><p role=\"status\" aria-live=\"polite\" aria-atomic=\"true\"><\/p> <ul><\/ul><\/div>\n<form action=\"\/es\/wp-json\/wp\/v2\/pages\/1946#wpcf7-f1446-o1\" method=\"post\" class=\"wpcf7-form init\" novalidate=\"novalidate\" data-status=\"init\">\n<div style=\"display: none;\">\n<input type=\"hidden\" name=\"_wpcf7\" value=\"1446\" \/>\n<input type=\"hidden\" name=\"_wpcf7_version\" value=\"5.3\" \/>\n<input type=\"hidden\" name=\"_wpcf7_locale\" value=\"ca\" \/>\n<input type=\"hidden\" name=\"_wpcf7_unit_tag\" value=\"wpcf7-f1446-o1\" \/>\n<input type=\"hidden\" name=\"_wpcf7_container_post\" value=\"0\" \/>\n<input type=\"hidden\" name=\"_wpcf7_posted_data_hash\" value=\"\" \/>\n<\/div>\n<p align=\"left\"><label> El teu nom (obligatori)<br \/>\n    <span class=\"wpcf7-form-control-wrap your-name\"><input type=\"text\" name=\"your-name\" value=\"\" size=\"40\" class=\"wpcf7-form-control wpcf7-text wpcf7-validates-as-required\" aria-required=\"true\" aria-invalid=\"false\" \/><\/span> <\/label><\/p>\n<p align=\"left\"><label> El teu correu electr\u00f2nic (obligatori)<br \/>\n    <span class=\"wpcf7-form-control-wrap your-email\"><input type=\"email\" name=\"your-email\" value=\"\" size=\"40\" class=\"wpcf7-form-control wpcf7-text wpcf7-email wpcf7-validates-as-required wpcf7-validates-as-email\" aria-required=\"true\" aria-invalid=\"false\" \/><\/span> <\/label><\/p>\n<p align=\"left\"><label> Assumpte<br \/>\n    <span class=\"wpcf7-form-control-wrap your-subject\"><input type=\"text\" name=\"your-subject\" value=\"\" size=\"40\" class=\"wpcf7-form-control wpcf7-text\" aria-invalid=\"false\" \/><\/span> <\/label><\/p>\n<p align=\"left\"><label> El teu missatge<br \/>\n    <span class=\"wpcf7-form-control-wrap your-message\"><textarea name=\"your-message\" cols=\"40\" rows=\"10\" class=\"wpcf7-form-control wpcf7-textarea\" aria-invalid=\"false\"><\/textarea><\/span> <\/label><\/p>\n<p align=\"left\"><input type=\"submit\" value=\"Enviar\" class=\"wpcf7-form-control wpcf7-submit\" \/><\/p>\n<div class=\"wpcf7-response-output\" aria-hidden=\"true\"><\/div><\/form><\/div>\n<\/div>\n<\/div>\n","protected":false},"excerpt":{"rendered":"<p>En Redactor.cat contamos con un equipo de periodistas especializados en diferentes sectores y tem\u00e1ticas. Redactamos noticias, reportajes, entrevistas y art\u00edculos para diferentes medios impresos y digitales. Periodistas especializados Contamos con un equipo de periodistas especializados en diferentes sectores tem\u00e1ticos. Somos el apoyo externo de tu redacci\u00f3n para los temas que no est\u00e1n ligados a la&hellip;&nbsp;<a href=\"http:\/\/www.redactor.cat\/es\/periodista\/\" class=\"\" rel=\"bookmark\">Leer m\u00e1s &raquo;<span class=\"screen-reader-text\">Periodista<\/span><\/a><\/p>\n","protected":false},"author":1,"featured_media":0,"parent":0,"menu_order":0,"comment_status":"closed","ping_status":"closed","template":"","meta":{"neve_meta_sidebar":"","neve_meta_container":"","neve_meta_enable_content_width":"","neve_meta_content_width":0,"neve_meta_title_alignment":"","neve_meta_author_avatar":"","neve_post_elements_order":"","neve_meta_disable_header":"","neve_meta_disable_footer":"","neve_meta_disable_title":""},"featured_image_urls":{"full":"","thumbnail":"","medium":"","medium_large":"","large":"","1536x1536":"","2048x2048":"","neve-blog":""},"post_excerpt_stackable":"<p>En Redactor.cat contamos con un equipo de periodistas especializados en diferentes sectores y tem\u00e1ticas.Redactamos noticias, reportajes, entrevistas y art\u00edculos para diferentes medios impresos y digitales. Periodistas especializados Contamos con un equipo de periodistas especializados en diferentes sectores tem\u00e1ticos.Somos el apoyo externo de tu redacci\u00f3n para los temas que no est\u00e1n ligados a la actualidad m\u00e1s inmediata. Periodistas econ\u00f3micos Redactamos informaciones de empresas de diferentes sectores econ\u00f3micos.Somos tu redacci\u00f3n de periodistas econ\u00f3micos que puedas ofrecer informaciones de este \u00e1mbito en tu audiencia. Periodistas generalistas Escribimos contenidos informativos para peri\u00f3dicos y revistas de informaci\u00f3n general.Somos el apoyo externo de tu redacci\u00f3n para&hellip;<\/p>\n","category_list":"","author_info":{"name":"Josep Llu\u00eds Silva Tobella","url":"http:\/\/www.redactor.cat\/es\/author\/moon\/"},"comments_num":"0 comentarios","_links":{"self":[{"href":"http:\/\/www.redactor.cat\/es\/wp-json\/wp\/v2\/pages\/1946"}],"collection":[{"href":"http:\/\/www.redactor.cat\/es\/wp-json\/wp\/v2\/pages"}],"about":[{"href":"http:\/\/www.redactor.cat\/es\/wp-json\/wp\/v2\/types\/page"}],"author":[{"embeddable":true,"href":"http:\/\/www.redactor.cat\/es\/wp-json\/wp\/v2\/users\/1"}],"replies":[{"embeddable":true,"href":"http:\/\/www.redactor.cat\/es\/wp-json\/wp\/v2\/comments?post=1946"}],"version-history":[{"count":1,"href":"http:\/\/www.redactor.cat\/es\/wp-json\/wp\/v2\/pages\/1946\/revisions"}],"predecessor-version":[{"id":1947,"href":"http:\/\/www.redactor.cat\/es\/wp-json\/wp\/v2\/pages\/1946\/revisions\/1947"}],"wp:attachment":[{"href":"http:\/\/www.redactor.cat\/es\/wp-json\/wp\/v2\/media?parent=1946"}],"curies":[{"name":"wp","href":"https:\/\/api.w.org\/{rel}","templated":true}]}}