{"id":2177,"date":"2020-11-06T12:56:50","date_gmt":"2020-11-06T12:56:50","guid":{"rendered":"http:\/\/www.redactor.cat\/?page_id=2177\/"},"modified":"2020-11-06T13:30:35","modified_gmt":"2020-11-06T13:30:35","slug":"home-2","status":"publish","type":"page","link":"http:\/\/www.redactor.cat\/es\/","title":{"rendered":"Home"},"content":{"rendered":"\n<div class=\"wp-block-themeisle-blocks-advanced-columns alignfull has-1-columns has-desktop-equal-layout has-tablet-equal-layout has-mobile-equal-layout has-wide-gap has-vertical-center\" id=\"wp-block-themeisle-blocks-advanced-columns-512cc8e9\"><div class=\"wp-block-themeisle-blocks-advanced-columns-overlay\"><\/div><div class=\"innerblocks-wrap\">\n<div class=\"wp-block-themeisle-blocks-advanced-column ticss-772a8d7e\" id=\"wp-block-themeisle-blocks-advanced-column-d0923845\">\n<h1 class=\"has-text-align-center has-black-color has-text-color\">\u00bfQuieres aumentar las visitas de tu web? <\/h1>\n\n\n\n<p class=\"has-text-align-center\"><\/p>\n\n\n\n<div id=\"wp-block-themeisle-blocks-button-group-089c65f7\" class=\"wp-block-themeisle-blocks-button-group collapse-mobile wp-block-buttons align-center\">\n<div id=\"wp-block-themeisle-blocks-button-c5161ab0\" class=\"wp-block-themeisle-blocks-button wp-block-button\"><a href=\"http:\/\/www.redactor.cat\/es\/servicios\/\" target=\"_self\" rel=\"noopener noreferrer\" class=\"wp-block-button__link\"><span>Servicios<\/span><\/a><\/div>\n\n\n\n<div id=\"wp-block-themeisle-blocks-button-b7840673\" class=\"wp-block-themeisle-blocks-button wp-block-button\"><a href=\"http:\/\/www.redactor.cat\/es\/contacto\/\" target=\"_self\" rel=\"noopener noreferrer\" class=\"wp-block-button__link\"><span>Contacta<\/span><\/a><\/div>\n<\/div>\n<\/div>\n<\/div><\/div>\n\n\n\n<div class=\"wp-block-themeisle-blocks-advanced-columns alignfull has-3-columns has-desktop-equal-layout has-tablet-equal-layout has-mobile-collapsedRows-layout has-wide-gap has-vertical-center\" id=\"wp-block-themeisle-blocks-advanced-columns-d68eee3c\"><div class=\"wp-block-themeisle-blocks-advanced-columns-overlay\"><\/div><div class=\"innerblocks-wrap\">\n<div class=\"wp-block-themeisle-blocks-advanced-column\" id=\"wp-block-themeisle-blocks-advanced-column-80f0db44\">\n<div class=\"wp-block-themeisle-blocks-service\">\n<p class=\"wp-block-themeisle-blocks-font-awesome-icons\" id=\"wp-block-themeisle-blocks-font-awesome-icons-832668e3\"><span class=\"wp-block-themeisle-blocks-font-awesome-icons-container\"><i class=\"fas fa-check\"><\/i><\/span><\/p>\n\n\n\n<h3 id=\"wp-block-themeisle-blocks-advanced-heading-9ce62e7d\" class=\"wp-block-themeisle-blocks-advanced-heading wp-block-themeisle-blocks-advanced-heading-9ce62e7d\">El mejor precio<\/h3>\n\n\n\n<p id=\"wp-block-themeisle-blocks-advanced-heading-4d9cde9e\" class=\"wp-block-themeisle-blocks-advanced-heading wp-block-themeisle-blocks-advanced-heading-4d9cde9e\">Ofrecemos nuestros trabajos de redacci\u00f3n, correcci\u00f3n, traducci\u00f3n y transcripci\u00f3n con el mejor precio para cada particular y empresa<\/p>\n<\/div>\n<\/div>\n\n\n\n<div class=\"wp-block-themeisle-blocks-advanced-column\" id=\"wp-block-themeisle-blocks-advanced-column-75651b0e\">\n<p class=\"wp-block-themeisle-blocks-font-awesome-icons\" id=\"wp-block-themeisle-blocks-font-awesome-icons-7b11599f\"><span class=\"wp-block-themeisle-blocks-font-awesome-icons-container\"><i class=\"fas fa-check\"><\/i><\/span><\/p>\n\n\n\n<h3 id=\"wp-block-themeisle-blocks-advanced-heading-e574c793\" class=\"wp-block-themeisle-blocks-advanced-heading wp-block-themeisle-blocks-advanced-heading-e574c793\">Textos en 48 horas<\/h3>\n\n\n\n<p id=\"wp-block-themeisle-blocks-advanced-heading-77ddd0de\" class=\"wp-block-themeisle-blocks-advanced-heading wp-block-themeisle-blocks-advanced-heading-77ddd0de\">Nuestro equipo de redacci\u00f3n trabaja con la flexibilidad necesaria para entregar nuestros trabajos en menos de 48 horas<\/p>\n<\/div>\n\n\n\n<div class=\"wp-block-themeisle-blocks-advanced-column\" id=\"wp-block-themeisle-blocks-advanced-column-27094f67\">\n<p class=\"wp-block-themeisle-blocks-font-awesome-icons\" id=\"wp-block-themeisle-blocks-font-awesome-icons-ee4b6d4b\"><span class=\"wp-block-themeisle-blocks-font-awesome-icons-container\"><i class=\"fas fa-check\"><\/i><\/span><\/p>\n\n\n\n<h3 id=\"wp-block-themeisle-blocks-advanced-heading-868c0873\" class=\"wp-block-themeisle-blocks-advanced-heading wp-block-themeisle-blocks-advanced-heading-868c0873\">Trabajos a medida<\/h3>\n\n\n\n<p id=\"wp-block-themeisle-blocks-advanced-heading-a1a200dc\" class=\"wp-block-themeisle-blocks-advanced-heading wp-block-themeisle-blocks-advanced-heading-a1a200dc\">Nos adaptamos a los requisitos de nuestros clientes particulares y empresas para ofrecer el trabajo de redacci\u00f3n que necesiten.<\/p>\n<\/div>\n<\/div><\/div>\n\n\n\n<div class=\"wp-block-themeisle-blocks-advanced-columns alignfull has-2-columns has-desktop-equal-layout has-tablet-equal-layout has-mobile-collapsedRows-layout has-nogap-gap has-vertical-center\" id=\"wp-block-themeisle-blocks-advanced-columns-ad20c616\"><div class=\"wp-block-themeisle-blocks-advanced-columns-overlay\"><\/div><div class=\"innerblocks-wrap\">\n<div class=\"wp-block-themeisle-blocks-advanced-column\" id=\"wp-block-themeisle-blocks-advanced-column-03d02eeb\">\n<figure class=\"wp-block-image size-large is-style-default\"><img loading=\"lazy\" width=\"1024\" height=\"634\" src=\"http:\/\/www.redactor.cat\/wp-content\/uploads\/redactorseo-1024x634.jpg\" alt=\"\" class=\"wp-image-2141\" srcset=\"http:\/\/www.redactor.cat\/wp-content\/uploads\/redactorseo-1024x634.jpg 1024w, http:\/\/www.redactor.cat\/wp-content\/uploads\/redactorseo-300x186.jpg 300w, http:\/\/www.redactor.cat\/wp-content\/uploads\/redactorseo-768x475.jpg 768w, http:\/\/www.redactor.cat\/wp-content\/uploads\/redactorseo-1536x951.jpg 1536w, http:\/\/www.redactor.cat\/wp-content\/uploads\/redactorseo-2048x1267.jpg 2048w\" sizes=\"(max-width: 1024px) 100vw, 1024px\" \/><\/figure>\n<\/div>\n\n\n\n<div class=\"wp-block-themeisle-blocks-advanced-column ticss-44eccd86\" id=\"wp-block-themeisle-blocks-advanced-column-cb2b8741\">\n<h2>Redactor SEO<\/h2>\n\n\n\n<p>Consigue que tu sitio web se sit\u00fae en las primeras posiciones de Google.<\/p>\n\n\n\n<div class=\"wp-block-button is-style-fill is-style-primary\"><a class=\"wp-block-button__link has-neve-button-color-background-color has-background no-border-radius\" href=\"http:\/\/www.redactor.cat\/es\/redactor-seo\/\">Consulta<\/a><\/div>\n<\/div>\n<\/div><\/div>\n\n\n\n<div class=\"wp-block-themeisle-blocks-advanced-columns alignfull has-2-columns has-desktop-equal-layout has-tablet-equal-layout has-mobile-collapsedRows-layout has-nogap-gap has-vertical-center\" id=\"wp-block-themeisle-blocks-advanced-columns-5e6f3a8e\"><div class=\"wp-block-themeisle-blocks-advanced-columns-overlay\"><\/div><div class=\"innerblocks-wrap\">\n<div class=\"wp-block-themeisle-blocks-advanced-column\" id=\"wp-block-themeisle-blocks-advanced-column-4949e572\">\n<h2>Periodista<\/h2>\n\n\n\n<p>Actualiza tu diario digital con noticias para llegar a tu audiencia o encuentra tu periodista especializado.<\/p>\n\n\n\n<div class=\"wp-block-button is-style-fill is-style-primary\"><a class=\"wp-block-button__link has-neve-button-color-background-color has-background no-border-radius\" href=\"http:\/\/www.redactor.cat\/es\/periodista\/\">Consulta<\/a><\/div>\n<\/div>\n\n\n\n<div class=\"wp-block-themeisle-blocks-advanced-column\" id=\"wp-block-themeisle-blocks-advanced-column-372f2dc9\">\n<figure class=\"wp-block-image size-large is-style-default\"><img loading=\"lazy\" width=\"1024\" height=\"683\" src=\"http:\/\/www.redactor.cat\/wp-content\/uploads\/Periodista-1024x683.jpg\" alt=\"\" class=\"wp-image-2146\" srcset=\"http:\/\/www.redactor.cat\/wp-content\/uploads\/Periodista-1024x683.jpg 1024w, http:\/\/www.redactor.cat\/wp-content\/uploads\/Periodista-300x200.jpg 300w, http:\/\/www.redactor.cat\/wp-content\/uploads\/Periodista-768x512.jpg 768w, http:\/\/www.redactor.cat\/wp-content\/uploads\/Periodista-1536x1024.jpg 1536w, http:\/\/www.redactor.cat\/wp-content\/uploads\/Periodista-930x620.jpg 930w, http:\/\/www.redactor.cat\/wp-content\/uploads\/Periodista.jpg 1920w\" sizes=\"(max-width: 1024px) 100vw, 1024px\" \/><\/figure>\n<\/div>\n<\/div><\/div>\n\n\n\n<div class=\"wp-block-themeisle-blocks-advanced-columns alignfull has-1-columns has-desktop-equal-layout has-tablet-equal-layout has-mobile-equal-layout has-nogap-gap has-vertical-unset\" id=\"wp-block-themeisle-blocks-advanced-columns-b055f56f\"><div class=\"wp-block-themeisle-blocks-advanced-columns-overlay\"><\/div><div class=\"innerblocks-wrap\">\n<div class=\"wp-block-themeisle-blocks-advanced-column\" id=\"wp-block-themeisle-blocks-advanced-column-bec27eb8\">\n<div class=\"wp-block-columns\">\n<div class=\"wp-block-column\">\n<h2>Blog<\/h2>\n<\/div>\n\n\n\n<div class=\"wp-block-column\">\n<div id=\"wp-block-themeisle-blocks-button-group-010b4203\" class=\"wp-block-themeisle-blocks-button-group wp-block-buttons align-right\">\n<div id=\"wp-block-themeisle-blocks-button-1beadb9f\" class=\"wp-block-themeisle-blocks-button wp-block-button is-style-fill\"><a href=\"http:\/\/www.redactor.cat\/es\/blog\/\" target=\"_self\" rel=\"noopener noreferrer\" class=\"wp-block-button__link\"><span>consulta<\/span><\/a><\/div>\n<\/div>\n\n\n\n<p><\/p>\n<\/div>\n<\/div>\n\n\n\n<div class=\"wp-block-columns\">\n<div class=\"wp-block-column\">\n<figure class=\"wp-block-image size-large is-style-default\"><img src=\"http:\/\/www.redactor.cat\/wp-content\/uploads\/neve-web-design-bg-12.jpg\" alt=\"\" class=\"wp-image-39\"\/><\/figure>\n<\/div>\n\n\n\n<div class=\"wp-block-column\">\n<figure class=\"wp-block-image size-large is-style-default\"><img loading=\"lazy\" width=\"600\" height=\"600\" src=\"http:\/\/www.redactor.cat\/wp-content\/uploads\/neve-web-design-bg-13.jpg\" alt=\"\" class=\"wp-image-40\"\/><\/figure>\n<\/div>\n<\/div>\n<\/div>\n<\/div><\/div>\n\n\n\n<div class=\"wp-block-themeisle-blocks-advanced-columns alignfull has-1-columns has-desktop-equal-layout has-tablet-equal-layout has-mobile-equal-layout has-nogap-gap has-vertical-center\" id=\"wp-block-themeisle-blocks-advanced-columns-b3525c80\"><div class=\"wp-block-themeisle-blocks-advanced-columns-overlay\"><\/div><div class=\"innerblocks-wrap\">\n<div class=\"wp-block-themeisle-blocks-advanced-column\" id=\"wp-block-themeisle-blocks-advanced-column-9d431006\">\n<h2 class=\"has-text-align-center has-white-color has-text-color\">Contacta con nosotros<\/h2>\n\n\n\n<p class=\"has-text-align-center has-white-color has-text-color has-medium-font-size\">Ll\u00e1manos o env\u00edanos un mensaje y comienza a mejorar las visitas de tu web<\/p>\n\n\n\n<div id=\"wp-block-themeisle-blocks-button-group-f4cfaa7f\" class=\"wp-block-themeisle-blocks-button-group collapse-mobile wp-block-buttons align-center\">\n<div id=\"wp-block-themeisle-blocks-button-2f93f5ec\" class=\"wp-block-themeisle-blocks-button wp-block-button\"><a href=\"http:\/\/www.redactor.cat\/es\/contacto\/\" target=\"_self\" rel=\"noopener noreferrer\" class=\"wp-block-button__link\"><span>Contacta<\/span><\/a><\/div>\n<\/div>\n<\/div>\n<\/div><\/div>\n","protected":false},"excerpt":{"rendered":"","protected":false},"author":1,"featured_media":0,"parent":0,"menu_order":0,"comment_status":"closed","ping_status":"closed","template":"page-templates\/template-pagebuilder-full-width.php","meta":{"neve_meta_sidebar":"full-width","neve_meta_container":"contained","neve_meta_enable_content_width":"off","neve_meta_content_width":30,"neve_meta_title_alignment":"","neve_meta_author_avatar":"","neve_post_elements_order":"","neve_meta_disable_header":"","neve_meta_disable_footer":"","neve_meta_disable_title":"on"},"featured_image_urls":{"full":"","thumbnail":"","medium":"","medium_large":"","large":"","1536x1536":"","2048x2048":"","neve-blog":""},"post_excerpt_stackable":"<p>\u00bfQuieres aumentar las visitas de tu web? Servicios Contacta El mejor precio Ofrecemos nuestros trabajos de redacci\u00f3n, correcci\u00f3n, traducci\u00f3n y transcripci\u00f3n con el mejor precio para cada particular y empresa Textos en 48 horas Nuestro equipo de redacci\u00f3n trabaja con la flexibilidad necesaria para entregar nuestros trabajos en menos de 48 horas Trabajos a medida Nos adaptamos a los requisitos de nuestros clientes particulares y empresas para ofrecer el trabajo de redacci\u00f3n que necesiten. Redactor SEO Consigue que tu sitio web se sit\u00fae en las primeras posiciones de Google. Consulta Periodista Actualiza tu diario digital con noticias para llegar a&hellip;<\/p>\n","category_list":"","author_info":{"name":"Josep Llu\u00eds Silva Tobella","url":"http:\/\/www.redactor.cat\/es\/author\/moon\/"},"comments_num":"0 comentarios","_links":{"self":[{"href":"http:\/\/www.redactor.cat\/es\/wp-json\/wp\/v2\/pages\/2177"}],"collection":[{"href":"http:\/\/www.redactor.cat\/es\/wp-json\/wp\/v2\/pages"}],"about":[{"href":"http:\/\/www.redactor.cat\/es\/wp-json\/wp\/v2\/types\/page"}],"author":[{"embeddable":true,"href":"http:\/\/www.redactor.cat\/es\/wp-json\/wp\/v2\/users\/1"}],"replies":[{"embeddable":true,"href":"http:\/\/www.redactor.cat\/es\/wp-json\/wp\/v2\/comments?post=2177"}],"version-history":[{"count":3,"href":"http:\/\/www.redactor.cat\/es\/wp-json\/wp\/v2\/pages\/2177\/revisions"}],"predecessor-version":[{"id":2191,"href":"http:\/\/www.redactor.cat\/es\/wp-json\/wp\/v2\/pages\/2177\/revisions\/2191"}],"wp:attachment":[{"href":"http:\/\/www.redactor.cat\/es\/wp-json\/wp\/v2\/media?parent=2177"}],"curies":[{"name":"wp","href":"https:\/\/api.w.org\/{rel}","templated":true}]}}