{"id":2188,"date":"2020-11-06T13:28:57","date_gmt":"2020-11-06T13:28:57","guid":{"rendered":"http:\/\/www.redactor.cat\/?page_id=2188\/"},"modified":"2022-03-01T15:59:50","modified_gmt":"2022-03-01T15:59:50","slug":"blog","status":"publish","type":"page","link":"http:\/\/www.redactor.cat\/es\/blog\/","title":{"rendered":"Blog"},"content":{"rendered":"\n<div class=\"wp-block-ugb-blog-posts ugb-blog-posts ugb-937503f ugb-blog-posts--v2 ugb-blog-posts--design-basic ugb-blog-posts--columns-2 ugb-main-block\" id=\"\"><style>.ugb-937503f .ugb-block-description{font-size:28px !important}<\/style><div class=\"ugb-inner-block\"><p class=\"ugb-block-description\">Descubre c\u00f3mo aumentar las visitas de tu web<br><a href=\"http:\/\/www.redactor.cat\/es\/category\/seo-es\/\">SEO<\/a> \u2013 <a href=\"http:\/\/www.redactor.cat\/es\/category\/tendencias\/\">Tendencias<\/a> \u2013 <a href=\"http:\/\/www.redactor.cat\/es\/category\/emprendimiento\/\">Emprendimiento<\/a><\/p><div class=\"ugb-block-content\"><article class=\"ugb-blog-posts__item\"><div class=\"ugb-blog-posts__content\"><figure class=\"ugb-blog-posts__featured-image ugb--shadow-3\"><a href=\"http:\/\/www.redactor.cat\/es\/7-estrategias-para-mejorar-la-redaccion-seo-redactor-cat\/\"><img loading=\"lazy\" src=\"http:\/\/www.redactor.cat\/wp-content\/uploads\/pexels-goumbik-669612-1024x678.jpg\" alt=\"7 Estrategias para mejorar la redacci\u00f3n SEO\" width=\"1024\" height=\"678\"\/><\/a><\/figure><div class=\"ugb-blog-posts__category\"><a href=\"http:\/\/www.redactor.cat\/es\/category\/seo-es\/\" rel=\"category tag\">SEO<\/a>, <a href=\"http:\/\/www.redactor.cat\/es\/category\/seo-es\/\" rel=\"category tag\">SEO<\/a><\/div><h3 class=\"ugb-blog-posts__title\"><a href=\"http:\/\/www.redactor.cat\/es\/7-estrategias-para-mejorar-la-redaccion-seo-redactor-cat\/\">7 Estrategias para mejorar la redacci\u00f3n SEO<\/a><\/h3><div class=\"ugb-blog-posts__excerpt\"><p>\u00bfTe has preguntado alguna vez como puedes conseguir m\u00e1s visibilidad en internet sin tener que gastar grandes cantidades en publicidad? Escribir contenido que guste tanto a los usuarios como a los algoritmos puede parecer un reto, pero con la redacci\u00f3n SEO tu contenido puede destacar y atraer m\u00e1s visitas de manera natural.&nbsp; Si necesitas ayuda,&#8230;<\/div><\/div><\/article><article class=\"ugb-blog-posts__item\"><div class=\"ugb-blog-posts__content\"><figure class=\"ugb-blog-posts__featured-image ugb--shadow-3\"><a href=\"http:\/\/www.redactor.cat\/es\/el-copywriting-como-vender-con-palabras-redactor-cat\/\"><img loading=\"lazy\" src=\"http:\/\/www.redactor.cat\/wp-content\/uploads\/aerial-view-man-typing-retro-typewriter-1024x740.jpg\" alt=\"El copywriting: c\u00f3mo vender con palabras\" width=\"1024\" height=\"740\"\/><\/a><\/figure><div class=\"ugb-blog-posts__category\"><a href=\"http:\/\/www.redactor.cat\/es\/category\/redaccio-es\/\" rel=\"category tag\">Redacci\u00f3<\/a><\/div><h3 class=\"ugb-blog-posts__title\"><a href=\"http:\/\/www.redactor.cat\/es\/el-copywriting-como-vender-con-palabras-redactor-cat\/\">El copywriting: c\u00f3mo vender con palabras<\/a><\/h3><div class=\"ugb-blog-posts__excerpt\"><p>El copywriting es mucho m\u00e1s que escribir bien. No se trata solo de crear textos bonitos o informativos, sino de conectar, emocionar y persuadir. Mientras que la escritura creativa quiere entretener y la informativa busca educar, el copywriting tiene un objetivo claro: convencer y generar acci\u00f3n, en concreto, de vender. Su meta principal es captar&#8230;<\/div><\/div><\/article><article class=\"ugb-blog-posts__item\"><div class=\"ugb-blog-posts__content\"><figure class=\"ugb-blog-posts__featured-image ugb--shadow-3\"><a href=\"http:\/\/www.redactor.cat\/es\/auditoria-seo-y-estrategia-de-contenidos-redactor-cat\/\"><img loading=\"lazy\" src=\"http:\/\/www.redactor.cat\/wp-content\/uploads\/digital-marketing-1725340_1280-1024x682.jpg\" alt=\"Auditor\u00eda SEO y estrategia de contenidos: aumenta  visites en tu web\" width=\"1024\" height=\"682\"\/><\/a><\/figure><div class=\"ugb-blog-posts__category\"><a href=\"http:\/\/www.redactor.cat\/es\/category\/seo-es\/\" rel=\"category tag\">SEO<\/a><\/div><h3 class=\"ugb-blog-posts__title\"><a href=\"http:\/\/www.redactor.cat\/es\/auditoria-seo-y-estrategia-de-contenidos-redactor-cat\/\">Auditor\u00eda SEO y estrategia de contenidos: aumenta  visites en tu web<\/a><\/h3><div class=\"ugb-blog-posts__excerpt\"><p>Hoy en d\u00eda, se crean miles de p\u00e1ginas web a diario. Esto hace que destacar en l\u00ednea sea cada vez m\u00e1s complicado. Tener una p\u00e1gina web por s\u00ed sola ya no basta; si tu sitio no aparece en los resultados de b\u00fasqueda de Google, es como si no existiera. Para mejorar la visibilidad de tu&#8230;<\/div><\/div><\/article><article class=\"ugb-blog-posts__item\"><div class=\"ugb-blog-posts__content\"><figure class=\"ugb-blog-posts__featured-image ugb--shadow-3\"><a href=\"http:\/\/www.redactor.cat\/es\/encuentra-un-redactor-de-textos-para-impulsar-tu-preoyecto-redactor-cat\/\"><img loading=\"lazy\" src=\"http:\/\/www.redactor.cat\/wp-content\/uploads\/side-view-awesome-woman-sitting-by-table-1024x683.jpg\" alt=\"Como encontrar un redactor de textos para impulsar tu proyecto\" width=\"1024\" height=\"683\"\/><\/a><\/figure><div class=\"ugb-blog-posts__category\"><a href=\"http:\/\/www.redactor.cat\/es\/category\/redaccio-es\/\" rel=\"category tag\">Redacci\u00f3<\/a><\/div><h3 class=\"ugb-blog-posts__title\"><a href=\"http:\/\/www.redactor.cat\/es\/encuentra-un-redactor-de-textos-para-impulsar-tu-preoyecto-redactor-cat\/\">Como encontrar un redactor de textos para impulsar tu proyecto<\/a><\/h3><div class=\"ugb-blog-posts__excerpt\"><p>Imagina que entras en una p\u00e1gina web y, desde el primer momento, las palabras fluyen con naturalidad, te explican lo que necesitas saber y te gu\u00edan sin esfuerzo hacia aquello que buscas. Esto no pasa por casualidad. Detr\u00e1s de esto hay un redactor de textos que sabe c\u00f3mo convertir ideas en mensajes claros, persuasivos y&#8230;<\/div><\/div><\/article><article class=\"ugb-blog-posts__item\"><div class=\"ugb-blog-posts__content\"><figure class=\"ugb-blog-posts__featured-image ugb--shadow-3\"><a href=\"http:\/\/www.redactor.cat\/es\/como-mejorar-la-redaccion-de-un-texto-para-tu-empresa-redactor-cat\/\"><img loading=\"lazy\" src=\"http:\/\/www.redactor.cat\/wp-content\/uploads\/young-smiling-woman-striped-shirt-taking-notes-while-sitting-table-light-apartment-1024x683.jpg\" alt=\"Como mejorar la redacci\u00f3n de un texto para tu empresa\" width=\"1024\" height=\"683\"\/><\/a><\/figure><div class=\"ugb-blog-posts__category\"><a href=\"http:\/\/www.redactor.cat\/es\/category\/redaccio-es\/\" rel=\"category tag\">Redacci\u00f3<\/a><\/div><h3 class=\"ugb-blog-posts__title\"><a href=\"http:\/\/www.redactor.cat\/es\/como-mejorar-la-redaccion-de-un-texto-para-tu-empresa-redactor-cat\/\">Como mejorar la redacci\u00f3n de un texto para tu empresa<\/a><\/h3><div class=\"ugb-blog-posts__excerpt\"><p>La redacci\u00f3n empresarial es clave para comunicar ideas, presentar productos y servicios, y crear una imagen s\u00f3lida de tu empresa. Adem\u00e1s, una buena redacci\u00f3n permite conectar mejor con el p\u00fablico. Mejorarla requiere mucha pr\u00e1ctica, leer mucho y analizar textos bien escritos. Esto ayuda a ampliar el vocabulario y a conocer diferentes maneras de estructurar y&#8230;<\/div><\/div><\/article><article class=\"ugb-blog-posts__item\"><div class=\"ugb-blog-posts__content\"><figure class=\"ugb-blog-posts__featured-image ugb--shadow-3\"><a href=\"http:\/\/www.redactor.cat\/es\/periodistas-especializados-un-apoyo-externo-redaccion-redactor-cat\/\"><img loading=\"lazy\" src=\"http:\/\/www.redactor.cat\/wp-content\/uploads\/girl-791231_1280-1024x682.jpg\" alt=\"Los periodistas especializados de Redactor.cat: un apoyo externo para tu redacci\u00f3n\" width=\"1024\" height=\"682\"\/><\/a><\/figure><div class=\"ugb-blog-posts__category\"><a href=\"http:\/\/www.redactor.cat\/es\/category\/periodismo\/\" rel=\"category tag\">Periodismo<\/a>, <a href=\"http:\/\/www.redactor.cat\/es\/category\/periodismo\/\" rel=\"category tag\">Periodismo<\/a>, <a href=\"http:\/\/www.redactor.cat\/es\/category\/redaccio-es\/\" rel=\"category tag\">Redacci\u00f3<\/a>, <a href=\"http:\/\/www.redactor.cat\/es\/category\/redaccio-es\/\" rel=\"category tag\">Redacci\u00f3<\/a><\/div><h3 class=\"ugb-blog-posts__title\"><a href=\"http:\/\/www.redactor.cat\/es\/periodistas-especializados-un-apoyo-externo-redaccion-redactor-cat\/\">Los periodistas especializados de Redactor.cat: un apoyo externo para tu redacci\u00f3n<\/a><\/h3><div class=\"ugb-blog-posts__excerpt\"><p>Si necesitas un periodista para redactar una noticia, un reportaje, una entrevista o un art\u00edculo para medios impresos y digitales, Redactor.cat tiene un equipo de periodistas altamente cualificados. <\/p>\n<\/div><\/div><\/article><\/div><\/div><\/div>\n","protected":false},"excerpt":{"rendered":"","protected":false},"author":1,"featured_media":0,"parent":0,"menu_order":0,"comment_status":"closed","ping_status":"closed","template":"","meta":{"neve_meta_sidebar":"","neve_meta_container":"","neve_meta_enable_content_width":"","neve_meta_content_width":0,"neve_meta_title_alignment":"","neve_meta_author_avatar":"","neve_post_elements_order":"","neve_meta_disable_header":"","neve_meta_disable_footer":"","neve_meta_disable_title":""},"featured_image_urls":{"full":"","thumbnail":"","medium":"","medium_large":"","large":"","1536x1536":"","2048x2048":"","neve-blog":""},"post_excerpt_stackable":"<p>Descubre c\u00f3mo aumentar las visitas de tu webSEO \u2013 Tendencias \u2013 EmprendimientoSEO, SEO7 Estrategias para mejorar la redacci\u00f3n SEO\u00bfTe has preguntado alguna vez como puedes conseguir m\u00e1s visibilidad en internet sin tener que gastar grandes cantidades en publicidad? Escribir contenido que guste tanto a los usuarios como a los algoritmos puede parecer un reto, pero con la redacci\u00f3n SEO tu contenido puede destacar y atraer m\u00e1s visitas de manera natural.&nbsp; Si necesitas ayuda,&#8230;Redacci\u00f3El copywriting: c\u00f3mo vender con palabrasEl copywriting es mucho m\u00e1s que escribir bien. No se trata solo de crear textos bonitos o informativos, sino de conectar, emocionar y&hellip;<\/p>\n","category_list":"","author_info":{"name":"Josep Llu\u00eds Silva Tobella","url":"http:\/\/www.redactor.cat\/es\/author\/moon\/"},"comments_num":"0 comentarios","_links":{"self":[{"href":"http:\/\/www.redactor.cat\/es\/wp-json\/wp\/v2\/pages\/2188"}],"collection":[{"href":"http:\/\/www.redactor.cat\/es\/wp-json\/wp\/v2\/pages"}],"about":[{"href":"http:\/\/www.redactor.cat\/es\/wp-json\/wp\/v2\/types\/page"}],"author":[{"embeddable":true,"href":"http:\/\/www.redactor.cat\/es\/wp-json\/wp\/v2\/users\/1"}],"replies":[{"embeddable":true,"href":"http:\/\/www.redactor.cat\/es\/wp-json\/wp\/v2\/comments?post=2188"}],"version-history":[{"count":3,"href":"http:\/\/www.redactor.cat\/es\/wp-json\/wp\/v2\/pages\/2188\/revisions"}],"predecessor-version":[{"id":2222,"href":"http:\/\/www.redactor.cat\/es\/wp-json\/wp\/v2\/pages\/2188\/revisions\/2222"}],"wp:attachment":[{"href":"http:\/\/www.redactor.cat\/es\/wp-json\/wp\/v2\/media?parent=2188"}],"curies":[{"name":"wp","href":"https:\/\/api.w.org\/{rel}","templated":true}]}}